{"id":6336,"date":"2024-04-10T13:27:52","date_gmt":"2024-04-10T11:27:52","guid":{"rendered":"https:\/\/fenasu.cm\/?page_id=6336"},"modified":"2024-04-10T13:55:35","modified_gmt":"2024-04-10T11:55:35","slug":"resultats-ju-2023","status":"publish","type":"page","link":"https:\/\/fenasu.cm\/index.php\/resultats-ju-2023\/","title":{"rendered":"resultats ju 2023"},"content":{"rendered":"\t\t<div data-elementor-type=\"wp-page\" data-elementor-id=\"6336\" class=\"elementor elementor-6336\">\n\t\t\t\t<div class=\"elementor-element elementor-element-9b7ef78 e-flex e-con-boxed wpr-particle-no wpr-jarallax-no wpr-parallax-no wpr-sticky-section-no e-con e-parent\" data-id=\"9b7ef78\" data-element_type=\"container\" data-core-v316-plus=\"true\">\n\t\t\t\t\t<div class=\"e-con-inner\">\n\t\t\t\t<div class=\"elementor-element elementor-element-3f18383 elementor-widget elementor-widget-heading\" data-id=\"3f18383\" data-element_type=\"widget\" data-widget_type=\"heading.default\">\n\t\t\t\t<div class=\"elementor-widget-container\">\n\t\t\t<style>\/*! elementor - v3.20.0 - 13-03-2024 *\/\n.elementor-heading-title{padding:0;margin:0;line-height:1}.elementor-widget-heading .elementor-heading-title[class*=elementor-size-]>a{color:inherit;font-size:inherit;line-height:inherit}.elementor-widget-heading .elementor-heading-title.elementor-size-small{font-size:15px}.elementor-widget-heading .elementor-heading-title.elementor-size-medium{font-size:19px}.elementor-widget-heading .elementor-heading-title.elementor-size-large{font-size:29px}.elementor-widget-heading .elementor-heading-title.elementor-size-xl{font-size:39px}.elementor-widget-heading .elementor-heading-title.elementor-size-xxl{font-size:59px}<\/style><h2 class=\"elementor-heading-title elementor-size-default\">.<\/h2>\t\t<\/div>\n\t\t\t\t<\/div>\n\t\t\t\t\t<\/div>\n\t\t\t\t<\/div>\n\t\t<div class=\"elementor-element elementor-element-4dc2f8e e-flex e-con-boxed wpr-particle-no wpr-jarallax-no wpr-parallax-no wpr-sticky-section-no e-con e-parent\" data-id=\"4dc2f8e\" data-element_type=\"container\" data-core-v316-plus=\"true\">\n\t\t\t\t\t<div class=\"e-con-inner\">\n\t\t\t\t<div class=\"elementor-element elementor-element-2091d9b elementor-widget elementor-widget-heading\" data-id=\"2091d9b\" data-element_type=\"widget\" data-widget_type=\"heading.default\">\n\t\t\t\t<div class=\"elementor-widget-container\">\n\t\t\t<h2 class=\"elementor-heading-title elementor-size-default\">RESULTATS DE LA 23 EDITION DES JEUX UNIVERSITAIRES<\/h2>\t\t<\/div>\n\t\t\t\t<\/div>\n\t\t\t\t\t<\/div>\n\t\t\t\t<\/div>\n\t\t<div class=\"elementor-element elementor-element-8799d54 e-flex e-con-boxed wpr-particle-no wpr-jarallax-no wpr-parallax-no wpr-sticky-section-no e-con e-parent\" data-id=\"8799d54\" data-element_type=\"container\" data-core-v316-plus=\"true\">\n\t\t\t\t\t<div class=\"e-con-inner\">\n\t\t\t\t<div class=\"elementor-element elementor-element-814afa1 elementor-widget elementor-widget-heading\" data-id=\"814afa1\" data-element_type=\"widget\" data-widget_type=\"heading.default\">\n\t\t\t\t<div class=\"elementor-widget-container\">\n\t\t\t<h2 class=\"elementor-heading-title elementor-size-default\">(Universit\u00e9 de NGAOUNDERE, 29 avril - 06 mai 2023)<\/h2>\t\t<\/div>\n\t\t\t\t<\/div>\n\t\t\t\t\t<\/div>\n\t\t\t\t<\/div>\n\t\t<div class=\"elementor-element elementor-element-1d5b8b5 e-flex e-con-boxed wpr-particle-no wpr-jarallax-no wpr-parallax-no wpr-sticky-section-no e-con e-parent\" data-id=\"1d5b8b5\" data-element_type=\"container\" data-core-v316-plus=\"true\">\n\t\t\t\t\t<div class=\"e-con-inner\">\n\t\t\t\t<div class=\"elementor-element elementor-element-b8a12b0 elementor-widget elementor-widget-text-editor\" data-id=\"b8a12b0\" data-element_type=\"widget\" data-widget_type=\"text-editor.default\">\n\t\t\t\t<div class=\"elementor-widget-container\">\n\t\t\t<style>\/*! elementor - v3.20.0 - 13-03-2024 *\/\n.elementor-widget-text-editor.elementor-drop-cap-view-stacked .elementor-drop-cap{background-color:#69727d;color:#fff}.elementor-widget-text-editor.elementor-drop-cap-view-framed .elementor-drop-cap{color:#69727d;border:3px solid;background-color:transparent}.elementor-widget-text-editor:not(.elementor-drop-cap-view-default) .elementor-drop-cap{margin-top:8px}.elementor-widget-text-editor:not(.elementor-drop-cap-view-default) .elementor-drop-cap-letter{width:1em;height:1em}.elementor-widget-text-editor .elementor-drop-cap{float:left;text-align:center;line-height:1;font-size:50px}.elementor-widget-text-editor .elementor-drop-cap-letter{display:inline-block}<\/style>\t\t\t\t<p>\u00a0<\/p><p style=\"text-align: center;\"><strong>TABLEAU OFFICIEL DES MEDAILLES OLYMPIQUES <\/strong><\/p><table><tbody><tr><td width=\"96\"><p style=\"text-align: center;\"><strong>RANG<\/strong><\/p><\/td><td style=\"text-align: center;\" width=\"136\"><p><strong>INSTITUTIONS<\/strong><\/p><\/td><td style=\"text-align: center;\" width=\"92\"><p><strong>OR<\/strong><\/p><\/td><td style=\"text-align: center;\" width=\"99\"><p><strong>ARGENT<\/strong><\/p><\/td><td style=\"text-align: center;\" width=\"99\"><p><strong>BRONZE<\/strong><\/p><\/td><td style=\"text-align: center;\" width=\"97\"><p><strong>TOTAL<\/strong><\/p><\/td><\/tr><tr><td width=\"96\"><p>1<sup>er<\/sup><\/p><\/td><td width=\"136\"><p style=\"text-align: center;\"><strong>UYI<\/strong><\/p><\/td><td width=\"92\"><p style=\"text-align: center;\">17<\/p><\/td><td style=\"text-align: center;\" width=\"99\"><p>10<\/p><\/td><td style=\"text-align: center;\" width=\"99\"><p>10<\/p><\/td><td style=\"text-align: center;\" width=\"97\"><p>37<\/p><\/td><\/tr><tr><td width=\"96\"><p>2<sup>\u00e8me<\/sup><\/p><\/td><td width=\"136\"><p style=\"text-align: center;\"><strong>IUG<\/strong><\/p><\/td><td width=\"92\"><p style=\"text-align: center;\">11<\/p><\/td><td style=\"text-align: center;\" width=\"99\"><p>08<\/p><\/td><td style=\"text-align: center;\" width=\"99\"><p>10<\/p><\/td><td width=\"97\"><p style=\"text-align: center;\">29<\/p><\/td><\/tr><tr><td width=\"96\"><p>3<sup>\u00e8me<\/sup><\/p><\/td><td width=\"136\"><p style=\"text-align: center;\"><strong>IUS<\/strong><\/p><\/td><td width=\"92\"><p style=\"text-align: center;\">08<\/p><\/td><td style=\"text-align: center;\" width=\"99\"><p>10<\/p><\/td><td style=\"text-align: center;\" width=\"99\"><p>14<\/p><\/td><td width=\"97\"><p style=\"text-align: center;\">32<\/p><\/td><\/tr><tr><td width=\"96\"><p>4<sup>\u00e8me<\/sup><\/p><\/td><td width=\"136\"><p style=\"text-align: center;\"><strong>UYII<\/strong><\/p><\/td><td style=\"text-align: center;\" width=\"92\"><p>08<\/p><\/td><td style=\"text-align: center;\" width=\"99\"><p>08<\/p><\/td><td style=\"text-align: center;\" width=\"99\"><p>08<\/p><\/td><td width=\"97\"><p style=\"text-align: center;\">24<\/p><\/td><\/tr><tr><td width=\"96\"><p>5<sup>\u00e8me<\/sup><\/p><\/td><td width=\"136\"><p style=\"text-align: center;\"><strong>IUC<\/strong><\/p><\/td><td width=\"92\"><p style=\"text-align: center;\">08<\/p><\/td><td style=\"text-align: center;\" width=\"99\"><p>05<\/p><\/td><td style=\"text-align: center;\" width=\"99\"><p>11<\/p><\/td><td width=\"97\"><p style=\"text-align: center;\">24<\/p><\/td><\/tr><tr><td width=\"96\"><p>6<sup>\u00e8me<\/sup><\/p><\/td><td width=\"136\"><p style=\"text-align: center;\"><strong>UDo<\/strong><\/p><\/td><td style=\"text-align: center;\" width=\"92\"><p>06<\/p><\/td><td style=\"text-align: center;\" width=\"99\"><p>04<\/p><\/td><td style=\"text-align: center;\" width=\"99\"><p>07<\/p><\/td><td width=\"97\"><p style=\"text-align: center;\">17<\/p><\/td><\/tr><tr><td width=\"96\"><p>7<sup>\u00e8me<\/sup><\/p><\/td><td width=\"136\"><p style=\"text-align: center;\"><strong>UB<\/strong><\/p><\/td><td style=\"text-align: center;\" width=\"92\"><p>05<\/p><\/td><td style=\"text-align: center;\" width=\"99\"><p>06<\/p><\/td><td style=\"text-align: center;\" width=\"99\"><p>09<\/p><\/td><td width=\"97\"><p style=\"text-align: center;\">20<\/p><\/td><\/tr><tr><td width=\"96\"><p>8<sup>\u00e8me<\/sup><\/p><\/td><td width=\"136\"><p style=\"text-align: center;\"><strong>UN<\/strong><\/p><\/td><td width=\"92\"><p style=\"text-align: center;\">05<\/p><\/td><td style=\"text-align: center;\" width=\"99\"><p>05<\/p><\/td><td style=\"text-align: center;\" width=\"99\"><p>09<\/p><\/td><td width=\"97\"><p style=\"text-align: center;\">19<\/p><\/td><\/tr><tr><td width=\"96\"><p>9<sup>\u00e8me<\/sup><\/p><\/td><td width=\"136\"><p style=\"text-align: center;\"><strong>UEb<\/strong><\/p><\/td><td width=\"92\"><p style=\"text-align: center;\">03<\/p><\/td><td style=\"text-align: center;\" width=\"99\"><p>06<\/p><\/td><td style=\"text-align: center;\" width=\"99\"><p>04<\/p><\/td><td width=\"97\"><p style=\"text-align: center;\">13<\/p><\/td><\/tr><tr><td width=\"96\"><p>10<sup>\u00e8me<\/sup><\/p><\/td><td width=\"136\"><p style=\"text-align: center;\"><strong>UDs<\/strong><\/p><\/td><td style=\"text-align: center;\" width=\"92\"><p>02<\/p><\/td><td style=\"text-align: center;\" width=\"99\"><p>02<\/p><\/td><td style=\"text-align: center;\" width=\"99\"><p>12<\/p><\/td><td width=\"97\"><p style=\"text-align: center;\">16<\/p><\/td><\/tr><tr><td width=\"96\"><p>11<sup>\u00e8me<\/sup><\/p><\/td><td width=\"136\"><p style=\"text-align: center;\"><strong>SUP\u2019PTIC<\/strong><\/p><\/td><td width=\"92\"><p style=\"text-align: center;\">01<\/p><\/td><td style=\"text-align: center;\" width=\"99\"><p>02<\/p><\/td><td style=\"text-align: center;\" width=\"99\"><p>04<\/p><\/td><td width=\"97\"><p style=\"text-align: center;\">07<\/p><\/td><\/tr><tr><td width=\"96\"><p>12\u00e8<sup>me<\/sup><\/p><\/td><td width=\"136\"><p style=\"text-align: center;\"><strong>UMa<\/strong><\/p><\/td><td width=\"92\"><p style=\"text-align: center;\">01<\/p><\/td><td style=\"text-align: center;\" width=\"99\"><p>01<\/p><\/td><td style=\"text-align: center;\" width=\"99\"><p>05<\/p><\/td><td width=\"97\"><p style=\"text-align: center;\">07<\/p><\/td><\/tr><tr><td width=\"96\"><p>13<sup>\u00e8me<\/sup><\/p><\/td><td width=\"136\"><p style=\"text-align: center;\"><strong>UBe<\/strong><\/p><\/td><td width=\"92\"><p style=\"text-align: center;\">01<\/p><\/td><td style=\"text-align: center;\" width=\"99\"><p>01<\/p><\/td><td style=\"text-align: center;\" width=\"99\"><p>01<\/p><\/td><td width=\"97\"><p style=\"text-align: center;\">03<\/p><\/td><\/tr><tr><td width=\"96\"><p>14<sup>\u00e8me<\/sup><\/p><\/td><td width=\"136\"><p style=\"text-align: center;\"><strong>UCAC<\/strong><\/p><\/td><td width=\"92\"><p style=\"text-align: center;\">01<\/p><\/td><td style=\"text-align: center;\" width=\"99\"><p>00<\/p><\/td><td style=\"text-align: center;\" width=\"99\"><p>00<\/p><\/td><td width=\"97\"><p style=\"text-align: center;\">01<\/p><\/td><\/tr><tr><td style=\"text-align: center;\" width=\"96\"><p>15<sup>\u00e8me<\/sup><\/p><\/td><td style=\"text-align: center;\" width=\"136\"><p><strong>UBa<\/strong><\/p><\/td><td width=\"92\"><p>00<\/p><\/td><td width=\"99\"><p>06<\/p><\/td><td width=\"99\"><p>04<\/p><\/td><td width=\"97\"><p>10<\/p><\/td><\/tr><tr><td width=\"96\"><p>16<sup>\u00e8me<\/sup><\/p><\/td><td width=\"136\"><p style=\"text-align: center;\"><strong>UGa<\/strong><\/p><\/td><td width=\"92\"><p style=\"text-align: center;\">00<\/p><\/td><td style=\"text-align: center;\" width=\"99\"><p>02<\/p><\/td><td style=\"text-align: center;\" width=\"99\"><p>01<\/p><\/td><td width=\"97\"><p style=\"text-align: center;\">03<\/p><\/td><\/tr><tr><td width=\"96\"><p>17<sup>\u00e8me<\/sup><\/p><\/td><td width=\"136\"><p style=\"text-align: center;\"><strong>ENSTP<\/strong><\/p><\/td><td width=\"92\"><p style=\"text-align: center;\">00<\/p><\/td><td style=\"text-align: center;\" width=\"99\"><p>00<\/p><\/td><td style=\"text-align: center;\" width=\"99\"><p>02<\/p><\/td><td width=\"97\"><p style=\"text-align: center;\">02<\/p><\/td><\/tr><tr><td width=\"96\"><p>18<sup>\u00e8me<\/sup>ex<\/p><\/td><td width=\"136\"><p style=\"text-align: center;\"><strong>ISTM<\/strong><\/p><\/td><td style=\"text-align: center;\" width=\"92\"><p>00<\/p><\/td><td style=\"text-align: center;\" width=\"99\"><p>00<\/p><\/td><td style=\"text-align: center;\" width=\"99\"><p>00<\/p><\/td><td width=\"97\"><p style=\"text-align: center;\">00<\/p><\/td><\/tr><tr><td width=\"96\"><p>18<sup>\u00e8me<\/sup>ex<\/p><\/td><td width=\"136\"><p style=\"text-align: center;\"><strong>IUCStJ<\/strong><\/p><\/td><td width=\"92\"><p style=\"text-align: center;\">00<\/p><\/td><td style=\"text-align: center;\" width=\"99\"><p>00<\/p><\/td><td style=\"text-align: center;\" width=\"99\"><p>00<\/p><\/td><td width=\"97\"><p style=\"text-align: center;\">00<\/p><\/td><\/tr><tr><td width=\"96\"><p>18<sup>\u00e8me<\/sup>ex<\/p><\/td><td width=\"136\"><p style=\"text-align: center;\"><strong>LINAFI<\/strong><\/p><\/td><td width=\"92\"><p style=\"text-align: center;\">00<\/p><\/td><td style=\"text-align: center;\" width=\"99\"><p>00<\/p><\/td><td style=\"text-align: center;\" width=\"99\"><p>00<\/p><\/td><td width=\"97\"><p style=\"text-align: center;\">00<\/p><\/td><\/tr><tr><td width=\"96\"><p>18<sup>\u00e8me<\/sup>ex<\/p><\/td><td width=\"136\"><p style=\"text-align: center;\"><strong>UdM<\/strong><\/p><\/td><td style=\"text-align: center;\" width=\"92\"><p>00<\/p><\/td><td style=\"text-align: center;\" width=\"99\"><p>00<\/p><\/td><td style=\"text-align: center;\" width=\"99\"><p>00<\/p><\/td><td width=\"97\"><p style=\"text-align: center;\">00<\/p><\/td><\/tr><tr><td style=\"text-align: center;\" width=\"96\"><p>18<sup>\u00e8me<\/sup>ex<\/p><\/td><td style=\"text-align: center;\" width=\"136\"><p><strong>UPAC<\/strong><\/p><\/td><td style=\"text-align: center;\" width=\"92\"><p>00<\/p><\/td><td width=\"99\"><p>00<\/p><\/td><td width=\"99\"><p>00<\/p><\/td><td width=\"97\"><p style=\"text-align: center;\">00<\/p><\/td><\/tr><\/tbody><\/table>\t\t\t\t\t\t<\/div>\n\t\t\t\t<\/div>\n\t\t\t\t\t<\/div>\n\t\t\t\t<\/div>\n\t\t<div class=\"elementor-element elementor-element-4eaaf32 e-flex e-con-boxed wpr-particle-no wpr-jarallax-no wpr-parallax-no wpr-sticky-section-no e-con e-parent\" data-id=\"4eaaf32\" data-element_type=\"container\" data-core-v316-plus=\"true\">\n\t\t\t\t\t<div class=\"e-con-inner\">\n\t\t\t\t<div class=\"elementor-element elementor-element-ed7c1bf elementor-widget elementor-widget-text-editor\" data-id=\"ed7c1bf\" data-element_type=\"widget\" data-widget_type=\"text-editor.default\">\n\t\t\t\t<div class=\"elementor-widget-container\">\n\t\t\t\t\t\t\t<p style=\"text-align: center;\"><br \/><br \/><\/p><p>\u00a0<\/p><p style=\"text-align: center;\"><strong>TABLEAU OFFICIEL DES MEDAILLES EN SPORTS PARALYMPIQUES <\/strong><\/p><table><tbody><tr><td width=\"96\"><p><strong>RANG<\/strong><\/p><\/td><td width=\"136\"><p><strong>INSTITUTIONS<\/strong><\/p><\/td><td width=\"92\"><p><strong>OR<\/strong><\/p><\/td><td width=\"99\"><p><strong>ARGENT<\/strong><\/p><\/td><td width=\"99\"><p><strong>BRONZE<\/strong><\/p><\/td><td width=\"97\"><p><strong>TOTAL<\/strong><\/p><\/td><\/tr><tr><td width=\"96\"><p style=\"text-align: center;\">1.\u00a0 \u00a0<\/p><\/td><td style=\"text-align: center;\" width=\"136\"><p>UDo<\/p><\/td><td style=\"text-align: center;\" width=\"92\"><p>05<\/p><\/td><td style=\"text-align: center;\" width=\"99\"><p>00<\/p><\/td><td style=\"text-align: center;\" width=\"99\"><p>01<\/p><\/td><td width=\"97\"><p style=\"text-align: center;\">06<\/p><\/td><\/tr><tr><td width=\"96\"><p style=\"text-align: center;\">2.\u00a0 \u00a0<\/p><\/td><td style=\"text-align: center;\" width=\"136\"><p>UYII<\/p><\/td><td style=\"text-align: center;\" width=\"92\"><p>04<\/p><\/td><td style=\"text-align: center;\" width=\"99\"><p>04<\/p><\/td><td style=\"text-align: center;\" width=\"99\"><p>05<\/p><\/td><td width=\"97\"><p style=\"text-align: center;\">13<\/p><\/td><\/tr><tr><td width=\"96\"><p style=\"text-align: center;\">3.\u00a0 \u00a0<\/p><\/td><td style=\"text-align: center;\" width=\"136\"><p>UN<\/p><\/td><td style=\"text-align: center;\" width=\"92\"><p>02<\/p><\/td><td style=\"text-align: center;\" width=\"99\"><p>03<\/p><\/td><td style=\"text-align: center;\" width=\"99\"><p>02<\/p><\/td><td width=\"97\"><p style=\"text-align: center;\">07<\/p><\/td><\/tr><tr><td width=\"96\"><p style=\"text-align: center;\">4.\u00a0 \u00a0<\/p><\/td><td style=\"text-align: center;\" width=\"136\"><p>UBa<\/p><\/td><td style=\"text-align: center;\" width=\"92\"><p>01<\/p><\/td><td style=\"text-align: center;\" width=\"99\"><p>02<\/p><\/td><td style=\"text-align: center;\" width=\"99\"><p>01<\/p><\/td><td width=\"97\"><p style=\"text-align: center;\">04<\/p><\/td><\/tr><tr><td width=\"96\"><p style=\"text-align: center;\">5.\u00a0 \u00a0<\/p><\/td><td style=\"text-align: center;\" width=\"136\"><p>UDs<\/p><\/td><td style=\"text-align: center;\" width=\"92\"><p>01<\/p><\/td><td style=\"text-align: center;\" width=\"99\"><p>01<\/p><\/td><td style=\"text-align: center;\" width=\"99\"><p>04<\/p><\/td><td width=\"97\"><p style=\"text-align: center;\">06<\/p><\/td><\/tr><tr><td style=\"text-align: center;\" width=\"96\"><p>6.\u00a0 \u00a0<\/p><\/td><td style=\"text-align: center;\" width=\"136\"><p>UMa<\/p><\/td><td style=\"text-align: center;\" width=\"92\"><p>01<\/p><\/td><td style=\"text-align: center;\" width=\"99\"><p>00<\/p><\/td><td style=\"text-align: center;\" width=\"99\"><p>00<\/p><\/td><td width=\"97\"><p style=\"text-align: center;\">01<\/p><\/td><\/tr><tr><td width=\"96\"><p style=\"text-align: center;\">7.\u00a0 \u00a0<\/p><\/td><td style=\"text-align: center;\" width=\"136\"><p>UYI<\/p><\/td><td style=\"text-align: center;\" width=\"92\"><p>00<\/p><\/td><td style=\"text-align: center;\" width=\"99\"><p>03<\/p><\/td><td style=\"text-align: center;\" width=\"99\"><p>02<\/p><\/td><td width=\"97\"><p style=\"text-align: center;\">05<\/p><\/td><\/tr><tr><td width=\"96\"><p style=\"text-align: center;\">8.\u00a0 \u00a0<\/p><\/td><td style=\"text-align: center;\" width=\"136\"><p>UCAC<\/p><\/td><td style=\"text-align: center;\" width=\"92\"><p>00<\/p><\/td><td style=\"text-align: center;\" width=\"99\"><p>01<\/p><\/td><td style=\"text-align: center;\" width=\"99\"><p>00<\/p><\/td><td width=\"97\"><p style=\"text-align: center;\">01<\/p><\/td><\/tr><tr><td width=\"96\"><p style=\"text-align: center;\">9.\u00a0 \u00a0<\/p><\/td><td style=\"text-align: center;\" width=\"136\"><p>UB<\/p><\/td><td style=\"text-align: center;\" width=\"92\"><p>00<\/p><\/td><td style=\"text-align: center;\" width=\"99\"><p>00<\/p><\/td><td style=\"text-align: center;\" width=\"99\"><p>01<\/p><\/td><td width=\"97\"><p style=\"text-align: center;\">01<\/p><\/td><\/tr><tr><td style=\"text-align: center;\" width=\"96\"><p>\u00a0 10.\u00a0\u00a0\u00a0\u00a0\u00a0\u00a0\u00a0\u00a0\u00a0\u00a0\u00a0\u00a0 \u00a0<\/p><\/td><td style=\"text-align: center;\" width=\"136\"><p>UGa<\/p><\/td><td style=\"text-align: center;\" width=\"92\"><p>00<\/p><\/td><td style=\"text-align: center;\" width=\"99\"><p>00<\/p><\/td><td style=\"text-align: center;\" width=\"99\"><p>00<\/p><\/td><td width=\"97\"><p style=\"text-align: center;\">00<\/p><\/td><\/tr><\/tbody><\/table><p>\u00a0<\/p>\t\t\t\t\t\t<\/div>\n\t\t\t\t<\/div>\n\t\t\t\t\t<\/div>\n\t\t\t\t<\/div>\n\t\t\t\t<\/div>\n\t\t","protected":false},"excerpt":{"rendered":"<p>. RESULTATS DE LA 23 EDITION DES JEUX UNIVERSITAIRES (Universit\u00e9 de NGAOUNDERE, 29 avril &#8211; 06 mai 2023) \u00a0 TABLEAU OFFICIEL DES MEDAILLES OLYMPIQUES RANG INSTITUTIONS OR ARGENT BRONZE TOTAL 1er UYI 17 10 10 37 2\u00e8me IUG 11 08 10 29 3\u00e8me IUS 08 10 14 32 4\u00e8me UYII 08 08 08 24 5\u00e8me IUC 08 05 11 24 6\u00e8me UDo 06 04 07 17 7\u00e8me UB 05 06 09 20 8\u00e8me UN 05 05 09 19 9\u00e8me UEb 03 06 04 13 10\u00e8me UDs 02 02 12 16 11\u00e8me SUP\u2019PTIC 01 02 04 07 12\u00e8me UMa 01 01 05 07 13\u00e8me UBe 01 01 01 03 14\u00e8me UCAC 01 00 00 01 15\u00e8me UBa 00 06 04 10 16\u00e8me UGa 00 02 01 03 17\u00e8me ENSTP 00 00 02 02 18\u00e8meex ISTM 00 00 00 00 18\u00e8meex IUCStJ 00 00 00 00 18\u00e8meex LINAFI 00 00 00 00 18\u00e8meex UdM 00 00 00 00 18\u00e8meex UPAC 00 00 00 00 \u00a0 TABLEAU OFFICIEL DES MEDAILLES EN SPORTS PARALYMPIQUES RANG INSTITUTIONS OR ARGENT BRONZE TOTAL 1.\u00a0 \u00a0 UDo 05 00 01 06 2.\u00a0 \u00a0 UYII 04 04 05 13 3.\u00a0 \u00a0 UN 02 03 02 07 4.\u00a0 \u00a0 UBa 01 02 01 04 5.\u00a0 \u00a0 UDs 01 01 04 06 6.\u00a0 \u00a0 UMa 01 00 00 01 7.\u00a0 \u00a0 UYI 00 03 02 05 8.\u00a0 \u00a0 UCAC 00 01 00 01 9.\u00a0 \u00a0 UB 00 00 01 01 \u00a0 10.\u00a0\u00a0\u00a0\u00a0\u00a0\u00a0\u00a0\u00a0\u00a0\u00a0\u00a0\u00a0 \u00a0 UGa 00 00 00 00 \u00a0<\/p>\n","protected":false},"author":1,"featured_media":0,"parent":0,"menu_order":0,"comment_status":"closed","ping_status":"closed","template":"","meta":{"iawp_total_views":29,"footnotes":""},"class_list":["post-6336","page","type-page","status-publish","hentry"],"jetpack_sharing_enabled":true,"rttpg_featured_image_url":null,"rttpg_author":{"display_name":"fenasu","author_link":"https:\/\/fenasu.cm\/index.php\/author\/fenasu\/"},"rttpg_comment":0,"rttpg_category":null,"rttpg_excerpt":". RESULTATS DE LA 23 EDITION DES JEUX UNIVERSITAIRES (Universit\u00e9 de NGAOUNDERE, 29 avril &#8211; 06 mai 2023) \u00a0 TABLEAU OFFICIEL DES MEDAILLES OLYMPIQUES RANG INSTITUTIONS OR ARGENT BRONZE TOTAL 1er UYI 17 10 10 37 2\u00e8me IUG 11 08 10 29 3\u00e8me IUS 08 10 14 32 4\u00e8me UYII 08 08 08 24 5\u00e8me\u2026","_links":{"self":[{"href":"https:\/\/fenasu.cm\/index.php\/wp-json\/wp\/v2\/pages\/6336","targetHints":{"allow":["GET"]}}],"collection":[{"href":"https:\/\/fenasu.cm\/index.php\/wp-json\/wp\/v2\/pages"}],"about":[{"href":"https:\/\/fenasu.cm\/index.php\/wp-json\/wp\/v2\/types\/page"}],"author":[{"embeddable":true,"href":"https:\/\/fenasu.cm\/index.php\/wp-json\/wp\/v2\/users\/1"}],"replies":[{"embeddable":true,"href":"https:\/\/fenasu.cm\/index.php\/wp-json\/wp\/v2\/comments?post=6336"}],"version-history":[{"count":4,"href":"https:\/\/fenasu.cm\/index.php\/wp-json\/wp\/v2\/pages\/6336\/revisions"}],"predecessor-version":[{"id":6341,"href":"https:\/\/fenasu.cm\/index.php\/wp-json\/wp\/v2\/pages\/6336\/revisions\/6341"}],"wp:attachment":[{"href":"https:\/\/fenasu.cm\/index.php\/wp-json\/wp\/v2\/media?parent=6336"}],"curies":[{"name":"wp","href":"https:\/\/api.w.org\/{rel}","templated":true}]}}