{"id":6329,"date":"2024-04-10T12:59:27","date_gmt":"2024-04-10T10:59:27","guid":{"rendered":"https:\/\/fenasu.cm\/?page_id=6329"},"modified":"2024-04-10T13:12:06","modified_gmt":"2024-04-10T11:12:06","slug":"conditions-daffiliation","status":"publish","type":"page","link":"https:\/\/fenasu.cm\/index.php\/conditions-daffiliation\/","title":{"rendered":"Conditions d&#8217;affiliation"},"content":{"rendered":"\t\t<div data-elementor-type=\"wp-page\" data-elementor-id=\"6329\" class=\"elementor elementor-6329\">\n\t\t\t\t<div class=\"elementor-element elementor-element-9b7ef78 e-flex e-con-boxed wpr-particle-no wpr-jarallax-no wpr-parallax-no wpr-sticky-section-no e-con e-parent\" data-id=\"9b7ef78\" data-element_type=\"container\" data-core-v316-plus=\"true\">\n\t\t\t\t\t<div class=\"e-con-inner\">\n\t\t\t\t<div class=\"elementor-element elementor-element-3f18383 elementor-widget elementor-widget-heading\" data-id=\"3f18383\" data-element_type=\"widget\" data-widget_type=\"heading.default\">\n\t\t\t\t<div class=\"elementor-widget-container\">\n\t\t\t<style>\/*! elementor - v3.20.0 - 13-03-2024 *\/\n.elementor-heading-title{padding:0;margin:0;line-height:1}.elementor-widget-heading .elementor-heading-title[class*=elementor-size-]>a{color:inherit;font-size:inherit;line-height:inherit}.elementor-widget-heading .elementor-heading-title.elementor-size-small{font-size:15px}.elementor-widget-heading .elementor-heading-title.elementor-size-medium{font-size:19px}.elementor-widget-heading .elementor-heading-title.elementor-size-large{font-size:29px}.elementor-widget-heading .elementor-heading-title.elementor-size-xl{font-size:39px}.elementor-widget-heading .elementor-heading-title.elementor-size-xxl{font-size:59px}<\/style><h2 class=\"elementor-heading-title elementor-size-default\">.<\/h2>\t\t<\/div>\n\t\t\t\t<\/div>\n\t\t\t\t\t<\/div>\n\t\t\t\t<\/div>\n\t\t<div class=\"elementor-element elementor-element-4dc2f8e e-flex e-con-boxed wpr-particle-no wpr-jarallax-no wpr-parallax-no wpr-sticky-section-no e-con e-parent\" data-id=\"4dc2f8e\" data-element_type=\"container\" data-core-v316-plus=\"true\">\n\t\t\t\t\t<div class=\"e-con-inner\">\n\t\t\t\t<div class=\"elementor-element elementor-element-2091d9b elementor-widget elementor-widget-heading\" data-id=\"2091d9b\" data-element_type=\"widget\" data-widget_type=\"heading.default\">\n\t\t\t\t<div class=\"elementor-widget-container\">\n\t\t\t<h2 class=\"elementor-heading-title elementor-size-default\">CONDITIONS D'AFFILIATION<\/h2>\t\t<\/div>\n\t\t\t\t<\/div>\n\t\t\t\t\t<\/div>\n\t\t\t\t<\/div>\n\t\t<div class=\"elementor-element elementor-element-1d5b8b5 e-flex e-con-boxed wpr-particle-no wpr-jarallax-no wpr-parallax-no wpr-sticky-section-no e-con e-parent\" data-id=\"1d5b8b5\" data-element_type=\"container\" data-core-v316-plus=\"true\">\n\t\t\t\t\t<div class=\"e-con-inner\">\n\t\t\t\t<div class=\"elementor-element elementor-element-b8a12b0 elementor-widget elementor-widget-text-editor\" data-id=\"b8a12b0\" data-element_type=\"widget\" data-widget_type=\"text-editor.default\">\n\t\t\t\t<div class=\"elementor-widget-container\">\n\t\t\t<style>\/*! elementor - v3.20.0 - 13-03-2024 *\/\n.elementor-widget-text-editor.elementor-drop-cap-view-stacked .elementor-drop-cap{background-color:#69727d;color:#fff}.elementor-widget-text-editor.elementor-drop-cap-view-framed .elementor-drop-cap{color:#69727d;border:3px solid;background-color:transparent}.elementor-widget-text-editor:not(.elementor-drop-cap-view-default) .elementor-drop-cap{margin-top:8px}.elementor-widget-text-editor:not(.elementor-drop-cap-view-default) .elementor-drop-cap-letter{width:1em;height:1em}.elementor-widget-text-editor .elementor-drop-cap{float:left;text-align:center;line-height:1;font-size:50px}.elementor-widget-text-editor .elementor-drop-cap-letter{display:inline-block}<\/style>\t\t\t\t<p>Conditions a remplir pour sollicitter une affiliation a la FENASU :<br \/>&#8211; \u00catre une institution d&#8217;Enseignement Sup\u00e9rieur Publique ou Priv\u00e9e<br \/>&#8211; S&#8217;acquitter des frais d&#8217;affiliation d&#8217;un montant de 5 000 000 (cinq millions) Fcfa<br \/>&#8211; Adresser une demande au President du Bureau Executif de la FENASU<\/p>\t\t\t\t\t\t<\/div>\n\t\t\t\t<\/div>\n\t\t\t\t\t<\/div>\n\t\t\t\t<\/div>\n\t\t\t\t<\/div>\n\t\t","protected":false},"excerpt":{"rendered":"<p>. CONDITIONS D&#8217;AFFILIATION Conditions a remplir pour sollicitter une affiliation a la FENASU :&#8211; \u00catre une institution d&#8217;Enseignement Sup\u00e9rieur Publique ou Priv\u00e9e&#8211; S&#8217;acquitter des frais d&#8217;affiliation d&#8217;un montant de 5 000 000 (cinq millions) Fcfa&#8211; Adresser une demande au President du Bureau Executif de la FENASU<\/p>\n","protected":false},"author":1,"featured_media":0,"parent":0,"menu_order":0,"comment_status":"closed","ping_status":"closed","template":"","meta":{"iawp_total_views":16,"footnotes":""},"class_list":["post-6329","page","type-page","status-publish","hentry"],"jetpack_sharing_enabled":true,"rttpg_featured_image_url":null,"rttpg_author":{"display_name":"fenasu","author_link":"https:\/\/fenasu.cm\/index.php\/author\/fenasu\/"},"rttpg_comment":0,"rttpg_category":null,"rttpg_excerpt":". CONDITIONS D&#8217;AFFILIATION Conditions a remplir pour sollicitter une affiliation a la FENASU :&#8211; \u00catre une institution d&#8217;Enseignement Sup\u00e9rieur Publique ou Priv\u00e9e&#8211; S&#8217;acquitter des frais d&#8217;affiliation d&#8217;un montant de 5 000 000 (cinq millions) Fcfa&#8211; Adresser une demande au President du Bureau Executif de la FENASU","_links":{"self":[{"href":"https:\/\/fenasu.cm\/index.php\/wp-json\/wp\/v2\/pages\/6329","targetHints":{"allow":["GET"]}}],"collection":[{"href":"https:\/\/fenasu.cm\/index.php\/wp-json\/wp\/v2\/pages"}],"about":[{"href":"https:\/\/fenasu.cm\/index.php\/wp-json\/wp\/v2\/types\/page"}],"author":[{"embeddable":true,"href":"https:\/\/fenasu.cm\/index.php\/wp-json\/wp\/v2\/users\/1"}],"replies":[{"embeddable":true,"href":"https:\/\/fenasu.cm\/index.php\/wp-json\/wp\/v2\/comments?post=6329"}],"version-history":[{"count":5,"href":"https:\/\/fenasu.cm\/index.php\/wp-json\/wp\/v2\/pages\/6329\/revisions"}],"predecessor-version":[{"id":6413,"href":"https:\/\/fenasu.cm\/index.php\/wp-json\/wp\/v2\/pages\/6329\/revisions\/6413"}],"wp:attachment":[{"href":"https:\/\/fenasu.cm\/index.php\/wp-json\/wp\/v2\/media?parent=6329"}],"curies":[{"name":"wp","href":"https:\/\/api.w.org\/{rel}","templated":true}]}}