{"id":6126,"date":"2024-04-05T17:21:53","date_gmt":"2024-04-05T15:21:53","guid":{"rendered":"https:\/\/fenasu.cm\/?page_id=6126"},"modified":"2024-04-10T11:38:20","modified_gmt":"2024-04-10T09:38:20","slug":"chazu","status":"publish","type":"page","link":"https:\/\/fenasu.cm\/index.php\/chazu\/","title":{"rendered":"Le Championnat Zonal Universitaire"},"content":{"rendered":"\t\t<div data-elementor-type=\"wp-page\" data-elementor-id=\"6126\" class=\"elementor elementor-6126\">\n\t\t\t\t\t\t<section class=\"elementor-section elementor-top-section elementor-element elementor-element-f24a1f9 elementor-section-boxed elementor-section-height-default elementor-section-height-default wpr-particle-no wpr-jarallax-no wpr-parallax-no wpr-sticky-section-no\" data-id=\"f24a1f9\" data-element_type=\"section\">\n\t\t\t\t\t\t<div class=\"elementor-container elementor-column-gap-default\">\n\t\t\t\t\t<div class=\"elementor-column elementor-col-100 elementor-top-column elementor-element elementor-element-3c5f707\" data-id=\"3c5f707\" data-element_type=\"column\">\n\t\t\t<div class=\"elementor-widget-wrap elementor-element-populated\">\n\t\t\t\t\t\t<div class=\"elementor-element elementor-element-1baf4ea elementor-widget elementor-widget-heading\" data-id=\"1baf4ea\" data-element_type=\"widget\" data-widget_type=\"heading.default\">\n\t\t\t\t<div class=\"elementor-widget-container\">\n\t\t\t<style>\/*! elementor - v3.20.0 - 13-03-2024 *\/\n.elementor-heading-title{padding:0;margin:0;line-height:1}.elementor-widget-heading .elementor-heading-title[class*=elementor-size-]>a{color:inherit;font-size:inherit;line-height:inherit}.elementor-widget-heading .elementor-heading-title.elementor-size-small{font-size:15px}.elementor-widget-heading .elementor-heading-title.elementor-size-medium{font-size:19px}.elementor-widget-heading .elementor-heading-title.elementor-size-large{font-size:29px}.elementor-widget-heading .elementor-heading-title.elementor-size-xl{font-size:39px}.elementor-widget-heading .elementor-heading-title.elementor-size-xxl{font-size:59px}<\/style><h2 class=\"elementor-heading-title elementor-size-default\">Le Championnat Zonal Universitaire <\/h2>\t\t<\/div>\n\t\t\t\t<\/div>\n\t\t\t\t\t<\/div>\n\t\t<\/div>\n\t\t\t\t\t<\/div>\n\t\t<\/section>\n\t\t<div class=\"elementor-element elementor-element-d1b6122 e-flex e-con-boxed wpr-particle-no wpr-jarallax-no wpr-parallax-no wpr-sticky-section-no e-con e-parent\" data-id=\"d1b6122\" data-element_type=\"container\" data-core-v316-plus=\"true\">\n\t\t\t\t\t<div class=\"e-con-inner\">\n\t\t\t\t<div class=\"elementor-element elementor-element-1c907d8 elementor-widget elementor-widget-text-editor\" data-id=\"1c907d8\" data-element_type=\"widget\" data-widget_type=\"text-editor.default\">\n\t\t\t\t<div class=\"elementor-widget-container\">\n\t\t\t<style>\/*! elementor - v3.20.0 - 13-03-2024 *\/\n.elementor-widget-text-editor.elementor-drop-cap-view-stacked .elementor-drop-cap{background-color:#69727d;color:#fff}.elementor-widget-text-editor.elementor-drop-cap-view-framed .elementor-drop-cap{color:#69727d;border:3px solid;background-color:transparent}.elementor-widget-text-editor:not(.elementor-drop-cap-view-default) .elementor-drop-cap{margin-top:8px}.elementor-widget-text-editor:not(.elementor-drop-cap-view-default) .elementor-drop-cap-letter{width:1em;height:1em}.elementor-widget-text-editor .elementor-drop-cap{float:left;text-align:center;line-height:1;font-size:50px}.elementor-widget-text-editor .elementor-drop-cap-letter{display:inline-block}<\/style>\t\t\t\t<p><strong>Le CHAZU<\/strong> trouve son fondement juridique \u00e0 l\u2019article 3 du d\u00e9cret N\u00b02012\/2506\/PM du 10 septembre 2012 fixant les modalit\u00e9s d\u2019organisation et de fonctionnement de la F\u00e9d\u00e9ration Nationale du Sport Universitaire (FENASU), dans le programme des comp\u00e9titions et le chronogramme d\u2019activit\u00e9s de l\u2019ann\u00e9e 2018 valid\u00e9s par le Conseil F\u00e9d\u00e9ral.<\/p><p>Le Championnat Zonal est ouvert \u00e0 tous les \u00e9tudiants des Institutions d\u2019Enseignement Sup\u00e9rieur membres et non membres de la FENASU dans toutes les disciplines\u00a0 sportives inscrites au programme des Jeux Universitaires et celles au programme des Jeux Universitaires Africains et Mondiaux. Pour cette nouvelle offre, aucune limitation d\u2019\u00e2ge n\u2019est requise pour les athl\u00e8tes.<\/p><p>Pour le lancement effectif, quatre villes sont cibl\u00e9es\u00a0: Yaound\u00e9, Douala, Buea et Bafoussam.<\/p><p>\u00a0\u00a0\u00a0\u00a0\u00a0\u00a0\u00a0\u00a0 La mise sur pied du CHAZU se justifie \u00e0 plus d\u2019un titre\u00a0:<\/p><ul><li>Animer et redynamiser le mouvement sportif universitaire\u00a0;<\/li><li>Diversifier les offres de la f\u00e9d\u00e9ration dans le domaine des comp\u00e9titions\u00a0;<\/li><li>Int\u00e9grer de nouvelles disciplines au programme des Jeux Universitaires,<\/li><li>Maintenir une activit\u00e9 sportive constante dans les campus\u00a0;<\/li><li>Offrir \u00e0 tous les \u00e9tudiants une plateforme d\u2019expression des talents sportifs\u00a0;<\/li><li>Favoriser l\u2019adh\u00e9sion de nouvelles institutions \u00e0 la FENASU\u00a0;<\/li><li>Favoriser le brassage entre institutions de m\u00eame zone g\u00e9ographie\u00a0;<\/li><li>Relever le niveau des comp\u00e9titions aux Jeux Universitaires\u00a0;<\/li><li>Recherche de nouvelles sources de financement des activit\u00e9s de la F\u00e9d\u00e9ration.<\/li><\/ul>\t\t\t\t\t\t<\/div>\n\t\t\t\t<\/div>\n\t\t\t\t\t<\/div>\n\t\t\t\t<\/div>\n\t\t\t\t<\/div>\n\t\t","protected":false},"excerpt":{"rendered":"<p>Le Championnat Zonal Universitaire Le CHAZU trouve son fondement juridique \u00e0 l\u2019article 3 du d\u00e9cret N\u00b02012\/2506\/PM du 10 septembre 2012 fixant les modalit\u00e9s d\u2019organisation et de fonctionnement de la F\u00e9d\u00e9ration Nationale du Sport Universitaire (FENASU), dans le programme des comp\u00e9titions et le chronogramme d\u2019activit\u00e9s de l\u2019ann\u00e9e 2018 valid\u00e9s par le Conseil F\u00e9d\u00e9ral. Le Championnat Zonal est ouvert \u00e0 tous les \u00e9tudiants des Institutions d\u2019Enseignement Sup\u00e9rieur membres et non membres de la FENASU dans toutes les disciplines\u00a0 sportives inscrites au programme des Jeux Universitaires et celles au programme des Jeux Universitaires Africains et Mondiaux. Pour cette nouvelle offre, aucune limitation d\u2019\u00e2ge n\u2019est requise pour les athl\u00e8tes. Pour le lancement effectif, quatre villes sont cibl\u00e9es\u00a0: Yaound\u00e9, Douala, Buea et Bafoussam. \u00a0\u00a0\u00a0\u00a0\u00a0\u00a0\u00a0\u00a0 La mise sur pied du CHAZU se justifie \u00e0 plus d\u2019un titre\u00a0: Animer et redynamiser le mouvement sportif universitaire\u00a0; Diversifier les offres de la f\u00e9d\u00e9ration dans le domaine des comp\u00e9titions\u00a0; Int\u00e9grer de nouvelles disciplines au programme des Jeux Universitaires, Maintenir une activit\u00e9 sportive constante dans les campus\u00a0; Offrir \u00e0 tous les \u00e9tudiants une plateforme d\u2019expression des talents sportifs\u00a0; Favoriser l\u2019adh\u00e9sion de nouvelles institutions \u00e0 la FENASU\u00a0; Favoriser le brassage entre institutions de m\u00eame zone g\u00e9ographie\u00a0; Relever le niveau des comp\u00e9titions aux Jeux Universitaires\u00a0; Recherche de nouvelles sources de financement des activit\u00e9s de la F\u00e9d\u00e9ration.<\/p>\n","protected":false},"author":1,"featured_media":0,"parent":0,"menu_order":0,"comment_status":"closed","ping_status":"closed","template":"","meta":{"iawp_total_views":38,"footnotes":""},"class_list":["post-6126","page","type-page","status-publish","hentry"],"jetpack_sharing_enabled":true,"rttpg_featured_image_url":null,"rttpg_author":{"display_name":"fenasu","author_link":"https:\/\/fenasu.cm\/index.php\/author\/fenasu\/"},"rttpg_comment":0,"rttpg_category":null,"rttpg_excerpt":"Le Championnat Zonal Universitaire Le CHAZU trouve son fondement juridique \u00e0 l\u2019article 3 du d\u00e9cret N\u00b02012\/2506\/PM du 10 septembre 2012 fixant les modalit\u00e9s d\u2019organisation et de fonctionnement de la F\u00e9d\u00e9ration Nationale du Sport Universitaire (FENASU), dans le programme des comp\u00e9titions et le chronogramme d\u2019activit\u00e9s de l\u2019ann\u00e9e 2018 valid\u00e9s par le Conseil F\u00e9d\u00e9ral. Le Championnat Zonal\u2026","_links":{"self":[{"href":"https:\/\/fenasu.cm\/index.php\/wp-json\/wp\/v2\/pages\/6126","targetHints":{"allow":["GET"]}}],"collection":[{"href":"https:\/\/fenasu.cm\/index.php\/wp-json\/wp\/v2\/pages"}],"about":[{"href":"https:\/\/fenasu.cm\/index.php\/wp-json\/wp\/v2\/types\/page"}],"author":[{"embeddable":true,"href":"https:\/\/fenasu.cm\/index.php\/wp-json\/wp\/v2\/users\/1"}],"replies":[{"embeddable":true,"href":"https:\/\/fenasu.cm\/index.php\/wp-json\/wp\/v2\/comments?post=6126"}],"version-history":[{"count":5,"href":"https:\/\/fenasu.cm\/index.php\/wp-json\/wp\/v2\/pages\/6126\/revisions"}],"predecessor-version":[{"id":6271,"href":"https:\/\/fenasu.cm\/index.php\/wp-json\/wp\/v2\/pages\/6126\/revisions\/6271"}],"wp:attachment":[{"href":"https:\/\/fenasu.cm\/index.php\/wp-json\/wp\/v2\/media?parent=6126"}],"curies":[{"name":"wp","href":"https:\/\/api.w.org\/{rel}","templated":true}]}}