{"id":4578,"date":"2023-10-25T09:33:21","date_gmt":"2023-10-25T09:33:21","guid":{"rendered":"https:\/\/mentoring-wp.dreamstechnologies.com\/?page_id=4578"},"modified":"2024-04-09T23:41:29","modified_gmt":"2024-04-09T21:41:29","slug":"about-us","status":"publish","type":"page","link":"https:\/\/fenasu.cm\/index.php\/about-us\/","title":{"rendered":"About Us"},"content":{"rendered":"\t\t<div data-elementor-type=\"wp-page\" data-elementor-id=\"4578\" class=\"elementor elementor-4578\">\n\t\t\t\t<div class=\"elementor-element elementor-element-36fe7c8 e-flex e-con-boxed wpr-particle-no wpr-jarallax-no wpr-parallax-no wpr-sticky-section-no e-con e-parent\" data-id=\"36fe7c8\" data-element_type=\"container\" data-core-v316-plus=\"true\">\n\t\t\t\t\t<div class=\"e-con-inner\">\n\t\t\t\t<div class=\"elementor-element elementor-element-179aa77 elementor-widget elementor-widget-heading\" data-id=\"179aa77\" data-element_type=\"widget\" data-widget_type=\"heading.default\">\n\t\t\t\t<div class=\"elementor-widget-container\">\n\t\t\t<style>\/*! elementor - v3.20.0 - 13-03-2024 *\/\n.elementor-heading-title{padding:0;margin:0;line-height:1}.elementor-widget-heading .elementor-heading-title[class*=elementor-size-]>a{color:inherit;font-size:inherit;line-height:inherit}.elementor-widget-heading .elementor-heading-title.elementor-size-small{font-size:15px}.elementor-widget-heading .elementor-heading-title.elementor-size-medium{font-size:19px}.elementor-widget-heading .elementor-heading-title.elementor-size-large{font-size:29px}.elementor-widget-heading .elementor-heading-title.elementor-size-xl{font-size:39px}.elementor-widget-heading .elementor-heading-title.elementor-size-xxl{font-size:59px}<\/style><h2 class=\"elementor-heading-title elementor-size-default\">Qui sommes nous ?<\/h2>\t\t<\/div>\n\t\t\t\t<\/div>\n\t\t\t\t\t<\/div>\n\t\t\t\t<\/div>\n\t\t\t\t<section class=\"elementor-section elementor-top-section elementor-element elementor-element-48e41602 about-section1 elementor-section-boxed elementor-section-height-default elementor-section-height-default wpr-particle-no wpr-jarallax-no wpr-parallax-no wpr-sticky-section-no\" data-id=\"48e41602\" data-element_type=\"section\">\n\t\t\t\t\t\t<div class=\"elementor-container elementor-column-gap-default\">\n\t\t\t\t\t<div class=\"elementor-column elementor-col-100 elementor-top-column elementor-element elementor-element-6bcfd5ab\" data-id=\"6bcfd5ab\" data-element_type=\"column\">\n\t\t\t<div class=\"elementor-widget-wrap elementor-element-populated\">\n\t\t\t\t\t\t<div class=\"elementor-element elementor-element-567fa9b6 elementor-widget__width-initial elementor-widget elementor-widget-text-editor\" data-id=\"567fa9b6\" data-element_type=\"widget\" data-widget_type=\"text-editor.default\">\n\t\t\t\t<div class=\"elementor-widget-container\">\n\t\t\t<style>\/*! elementor - v3.20.0 - 13-03-2024 *\/\n.elementor-widget-text-editor.elementor-drop-cap-view-stacked .elementor-drop-cap{background-color:#69727d;color:#fff}.elementor-widget-text-editor.elementor-drop-cap-view-framed .elementor-drop-cap{color:#69727d;border:3px solid;background-color:transparent}.elementor-widget-text-editor:not(.elementor-drop-cap-view-default) .elementor-drop-cap{margin-top:8px}.elementor-widget-text-editor:not(.elementor-drop-cap-view-default) .elementor-drop-cap-letter{width:1em;height:1em}.elementor-widget-text-editor .elementor-drop-cap{float:left;text-align:center;line-height:1;font-size:50px}.elementor-widget-text-editor .elementor-drop-cap-letter{display:inline-block}<\/style>\t\t\t\t<p class=\"MsoNormal\" style=\"margin-bottom: 0cm; text-align: justify; text-indent: 35.4pt; line-height: 150%;\"><span style=\"font-family: 'Trebuchet MS',sans-serif; mso-fareast-font-family: 'Times New Roman'; mso-bidi-font-family: Tahoma;\">Le sport universitaire au-del\u00e0 de son aspect comp\u00e9titif, est un vecteur essentiel de tol\u00e9rance et de maintien de la coh\u00e9sion nationale.<\/span><span style=\"font-family: 'Trebuchet MS',sans-serif; mso-bidi-font-family: Tahoma;\"> Au fil des d\u00e9cennies, les Jeux Universitaires ont connu plusieurs mutations sur les plans juridique, manag\u00e9rial, financier et technique. Les Jeux Universitaires apparaissent comme la plus grande manifestation sportive multisports au Cameroun.<\/span><\/p>\n<p class=\"MsoNormal\" style=\"margin-bottom: 0cm; text-align: justify; text-indent: 35.4pt; line-height: 150%;\"><span style=\"font-family: 'Trebuchet MS',sans-serif; mso-bidi-font-family: Tahoma;\">L\u2019ann\u00e9e 1962, marque l\u2019institutionnalisation du Sport universitaire \u00e0 la suite de la cr\u00e9ation de l\u2019Universit\u00e9 F\u00e9d\u00e9rale juste apr\u00e8s l\u2019ind\u00e9pendance du Cameroun en 1960. \u00c0 cet effet, un bureau des sports est cr\u00e9\u00e9 dans le Service des \u0152uvres Universitaires. Le Pr\u00e9sident de la R\u00e9publique cr\u00e9\u00e9 en 1962, l\u2019Office des Sports Scolaires et Universitaires du Cameroun (OSSUC) qui organise les 1<sup>ers <\/sup>jeux scolaires et universitaires. En 1984 \u00e0 Bertoua, le Ministre de la Jeunesse et des Sports (MINJES), annonce la division de ces jeux en deux entit\u00e9s diff\u00e9rentes \u00e0 savoir les jeux scolaires et les jeux universitaires. On assiste \u00e0 la premi\u00e8re \u00e9dition des jeux universitaires sous ce nouveau format. <\/span><\/p>\n<p class=\"MsoNormal\" style=\"margin-bottom: 0cm; text-align: justify; text-indent: 35.4pt; line-height: 150%;\"><span style=\"font-family: 'Trebuchet MS',sans-serif; mso-bidi-font-family: Tahoma;\">En 1998, la premi\u00e8re \u00e9dition des&nbsp;<\/span><span style=\"font-family: 'Trebuchet MS',sans-serif; mso-bidi-font-family: Tahoma;\">Jeux Universitaires<\/span><span style=\"font-family: 'Trebuchet MS',sans-serif; mso-bidi-font-family: Tahoma;\"> de la r\u00e9forme est organis\u00e9e sur le campus de l\u2019Universit\u00e9 de Dschang. Y participent 6 Universit\u00e9s d\u2019\u00c9tat dans 6 disciplines sportives (Athl\u00e9tisme, Basketball, Football, Handball, Judo, Volleyball). Lors des 2<sup>\u00e8me<\/sup> et 3<sup>\u00e8me<\/sup> \u00e9ditions en 1999 et 2000, de nouvelles institutions (INJS, ENSPT, ENSTP, UCAC) et disciplines sportives (Tennis, Tennis de Table) font leurs entr\u00e9es dans les Jeux Universitaires.<\/span><\/p>\n<p class=\"MsoNormal\" style=\"margin-bottom: 0cm; text-align: justify; text-indent: 35.4pt; line-height: 150%;\"><span style=\"font-family: 'Trebuchet MS',sans-serif; mso-bidi-font-family: Tahoma;\">L\u2019ann\u00e9e 2001 marque la cr\u00e9ation de la F\u00e9d\u00e9ration Nationale du Sport Universitaire (FENASU), apr\u00e8s consultation entre le MINESUP et le MINJES. Sous la supervision du Ministre de l\u2019Enseignement Sup\u00e9rieur, un comit\u00e9 national charg\u00e9 de l\u2019organisation des Jeux Universitaires est mis sur pied en 2002. Depuis 2012, un nouveau cadre r\u00e9glementaire est mis sur pied pour encadrer les activit\u00e9s relatives \u00e0 l\u2019organisation des JU. En effet, faisant suite \u00e0 la promulgation par le Pr\u00e9sident de la R\u00e9publique, de la Loi 2011\/018 du 15 juillet 2011, relative \u00e0 l\u2019organisation et \u00e0 la promotion des activit\u00e9s physiques et sportives, le Premier Ministre-Chef du Gouvernement va signer le D\u00e9cret N\u00b02012\/2506\/PM du 12 septembre&nbsp; 2012, fixant les modalit\u00e9s d\u2019organisation et de fonctionnement de la FENASU. <\/span><\/p>\n<p><\/p>\n<p class=\"MsoNormal\" style=\"margin-bottom: 0cm; text-align: justify; text-indent: 35.4pt; line-height: 150%;\"><span style=\"font-family: 'Trebuchet MS',sans-serif; mso-bidi-font-family: Tahoma;\">Aujourd\u2019hui l\u2019instance faiti\u00e8re camerounaise en charge de l\u2019organisation des Jeux Universitaires, associe les institutions d\u2019enseignement sup\u00e9rieur, les collectivit\u00e9s territoriales d\u00e9centralis\u00e9es et les partenaires. <span style=\"color: red;\">Cette implication vise \u00e0 booster l\u2019\u00e9lite sportive universitaire.<\/span><\/span><\/p>\t\t\t\t\t\t<\/div>\n\t\t\t\t<\/div>\n\t\t\t\t\t<\/div>\n\t\t<\/div>\n\t\t\t\t\t<\/div>\n\t\t<\/section>\n\t\t\t\t<section class=\"elementor-section elementor-top-section elementor-element elementor-element-3887a3b8 faq-about elementor-section-boxed elementor-section-height-default elementor-section-height-default wpr-particle-no wpr-jarallax-no wpr-parallax-no wpr-sticky-section-no\" data-id=\"3887a3b8\" data-element_type=\"section\">\n\t\t\t\t\t\t<div class=\"elementor-container elementor-column-gap-default\">\n\t\t\t\t\t<div class=\"elementor-column elementor-col-100 elementor-top-column elementor-element elementor-element-1703b507\" data-id=\"1703b507\" data-element_type=\"column\">\n\t\t\t<div class=\"elementor-widget-wrap\">\n\t\t\t\t\t\t\t<\/div>\n\t\t<\/div>\n\t\t\t\t\t<\/div>\n\t\t<\/section>\n\t\t\t\t<\/div>\n\t\t","protected":false},"excerpt":{"rendered":"<p>Qui sommes nous ? Le sport universitaire au-del\u00e0 de son aspect comp\u00e9titif, est un vecteur essentiel de tol\u00e9rance et de maintien de la coh\u00e9sion nationale. Au fil des d\u00e9cennies, les Jeux Universitaires ont connu plusieurs mutations sur les plans juridique, manag\u00e9rial, financier et technique. Les Jeux Universitaires apparaissent comme la plus grande manifestation sportive multisports au Cameroun. L\u2019ann\u00e9e 1962, marque l\u2019institutionnalisation du Sport universitaire \u00e0 la suite de la cr\u00e9ation de l\u2019Universit\u00e9 F\u00e9d\u00e9rale juste apr\u00e8s l\u2019ind\u00e9pendance du Cameroun en 1960. \u00c0 cet effet, un bureau des sports est cr\u00e9\u00e9 dans le Service des \u0152uvres Universitaires. Le Pr\u00e9sident de la R\u00e9publique cr\u00e9\u00e9 en 1962, l\u2019Office des Sports Scolaires et Universitaires du Cameroun (OSSUC) qui organise les 1ers jeux scolaires et universitaires. En 1984 \u00e0 Bertoua, le Ministre de la Jeunesse et des Sports (MINJES), annonce la division de ces jeux en deux entit\u00e9s diff\u00e9rentes \u00e0 savoir les jeux scolaires et les jeux universitaires. On assiste \u00e0 la premi\u00e8re \u00e9dition des jeux universitaires sous ce nouveau format. En 1998, la premi\u00e8re \u00e9dition des&nbsp;Jeux Universitaires de la r\u00e9forme est organis\u00e9e sur le campus de l\u2019Universit\u00e9 de Dschang. Y participent 6 Universit\u00e9s d\u2019\u00c9tat dans 6 disciplines sportives (Athl\u00e9tisme, Basketball, Football, Handball, Judo, Volleyball). Lors des 2\u00e8me et 3\u00e8me \u00e9ditions en 1999 et 2000, de nouvelles institutions (INJS, ENSPT, ENSTP, UCAC) et disciplines sportives (Tennis, Tennis de Table) font leurs entr\u00e9es dans les Jeux Universitaires. L\u2019ann\u00e9e 2001 marque la cr\u00e9ation de la F\u00e9d\u00e9ration Nationale du Sport Universitaire (FENASU), apr\u00e8s consultation entre le MINESUP et le MINJES. Sous la supervision du Ministre de l\u2019Enseignement Sup\u00e9rieur, un comit\u00e9 national charg\u00e9 de l\u2019organisation des Jeux Universitaires est mis sur pied en 2002. Depuis 2012, un nouveau cadre r\u00e9glementaire est mis sur pied pour encadrer les activit\u00e9s relatives \u00e0 l\u2019organisation des JU. En effet, faisant suite \u00e0 la promulgation par le Pr\u00e9sident de la R\u00e9publique, de la Loi 2011\/018 du 15 juillet 2011, relative \u00e0 l\u2019organisation et \u00e0 la promotion des activit\u00e9s physiques et sportives, le Premier Ministre-Chef du Gouvernement va signer le D\u00e9cret N\u00b02012\/2506\/PM du 12 septembre&nbsp; 2012, fixant les modalit\u00e9s d\u2019organisation et de fonctionnement de la FENASU. Aujourd\u2019hui l\u2019instance faiti\u00e8re camerounaise en charge de l\u2019organisation des Jeux Universitaires, associe les institutions d\u2019enseignement sup\u00e9rieur, les collectivit\u00e9s territoriales d\u00e9centralis\u00e9es et les partenaires. Cette implication vise \u00e0 booster l\u2019\u00e9lite sportive universitaire.<\/p>\n","protected":false},"author":1,"featured_media":0,"parent":0,"menu_order":0,"comment_status":"closed","ping_status":"closed","template":"","meta":{"iawp_total_views":34,"footnotes":""},"class_list":["post-4578","page","type-page","status-publish","hentry"],"jetpack_sharing_enabled":true,"rttpg_featured_image_url":null,"rttpg_author":{"display_name":"fenasu","author_link":"https:\/\/fenasu.cm\/index.php\/author\/fenasu\/"},"rttpg_comment":0,"rttpg_category":null,"rttpg_excerpt":"Qui sommes nous ? Le sport universitaire au-del\u00e0 de son aspect comp\u00e9titif, est un vecteur essentiel de tol\u00e9rance et de maintien de la coh\u00e9sion nationale. Au fil des d\u00e9cennies, les Jeux Universitaires ont connu plusieurs mutations sur les plans juridique, manag\u00e9rial, financier et technique. Les Jeux Universitaires apparaissent comme la plus grande manifestation sportive multisports\u2026","_links":{"self":[{"href":"https:\/\/fenasu.cm\/index.php\/wp-json\/wp\/v2\/pages\/4578","targetHints":{"allow":["GET"]}}],"collection":[{"href":"https:\/\/fenasu.cm\/index.php\/wp-json\/wp\/v2\/pages"}],"about":[{"href":"https:\/\/fenasu.cm\/index.php\/wp-json\/wp\/v2\/types\/page"}],"author":[{"embeddable":true,"href":"https:\/\/fenasu.cm\/index.php\/wp-json\/wp\/v2\/users\/1"}],"replies":[{"embeddable":true,"href":"https:\/\/fenasu.cm\/index.php\/wp-json\/wp\/v2\/comments?post=4578"}],"version-history":[{"count":28,"href":"https:\/\/fenasu.cm\/index.php\/wp-json\/wp\/v2\/pages\/4578\/revisions"}],"predecessor-version":[{"id":6257,"href":"https:\/\/fenasu.cm\/index.php\/wp-json\/wp\/v2\/pages\/4578\/revisions\/6257"}],"wp:attachment":[{"href":"https:\/\/fenasu.cm\/index.php\/wp-json\/wp\/v2\/media?parent=4578"}],"curies":[{"name":"wp","href":"https:\/\/api.w.org\/{rel}","templated":true}]}}